{"id":738,"date":"2022-06-10T15:44:47","date_gmt":"2022-06-10T15:44:47","guid":{"rendered":"https:\/\/kadence.pixel-show.com\/cleaning-services\/?page_id=18"},"modified":"2026-02-14T17:32:03","modified_gmt":"2026-02-14T17:32:03","slug":"services","status":"publish","type":"page","link":"https:\/\/freshcasa.es\/es\/services\/","title":{"rendered":"Servicios"},"content":{"rendered":"<div data-elementor-type=\"wp-page\" data-elementor-id=\"738\" class=\"elementor elementor-738\" data-elementor-post-type=\"page\">\n\t\t\t\t\t\t<section class=\"elementor-section elementor-top-section elementor-element elementor-element-4d4624d elementor-section-boxed elementor-section-height-default elementor-section-height-default\" data-id=\"4d4624d\" data-element_type=\"section\" data-e-type=\"section\" data-settings=\"{&quot;background_background&quot;:&quot;classic&quot;}\">\n\t\t\t\t\t\t\t<div class=\"elementor-background-overlay\"><\/div>\n\t\t\t\t\t\t\t<div class=\"elementor-container elementor-column-gap-default\">\n\t\t\t\t\t<div class=\"elementor-column elementor-col-100 elementor-top-column elementor-element elementor-element-06a55b3\" data-id=\"06a55b3\" data-element_type=\"column\" data-e-type=\"column\">\n\t\t\t<div class=\"elementor-widget-wrap elementor-element-populated\">\n\t\t\t\t\t\t<div class=\"elementor-element elementor-element-c942c30 elementor-widget elementor-widget-heading\" data-id=\"c942c30\" data-element_type=\"widget\" data-e-type=\"widget\" data-widget_type=\"heading.default\">\n\t\t\t\t\t<h1 class=\"elementor-heading-title elementor-size-default\">Servicios<\/h1>\t\t\t\t<\/div>\n\t\t\t\t<div class=\"elementor-element elementor-element-80157e9 elementor-widget elementor-widget-text-editor\" data-id=\"80157e9\" data-element_type=\"widget\" data-e-type=\"widget\" data-widget_type=\"text-editor.default\">\n\t\t\t\t\t\t\t\t\t<p>Szolg\u00e1ltat\u00e1sainkat egy\u00e9ni felm\u00e9r\u00e9s alapj\u00e1n, szem\u00e9lyre szabott \u00e1raj\u00e1nlattal biztos\u00edtjuk.<\/p>\t\t\t\t\t\t\t\t<\/div>\n\t\t\t\t\t<\/div>\n\t\t<\/div>\n\t\t\t\t\t<\/div>\n\t\t<\/section>\n\t\t\t\t<section class=\"elementor-section elementor-top-section elementor-element elementor-element-3d83495 elementor-section-boxed elementor-section-height-default elementor-section-height-default\" data-id=\"3d83495\" data-element_type=\"section\" data-e-type=\"section\">\n\t\t\t\t\t\t<div class=\"elementor-container elementor-column-gap-default\">\n\t\t\t\t\t<div class=\"elementor-column elementor-col-100 elementor-top-column elementor-element elementor-element-7f43e6d\" data-id=\"7f43e6d\" data-element_type=\"column\" data-e-type=\"column\">\n\t\t\t<div class=\"elementor-widget-wrap elementor-element-populated\">\n\t\t\t\t\t\t<section class=\"elementor-section elementor-inner-section elementor-element elementor-element-dd1c473 elementor-section-boxed elementor-section-height-default elementor-section-height-default\" data-id=\"dd1c473\" data-element_type=\"section\" data-e-type=\"section\">\n\t\t\t\t\t\t<div class=\"elementor-container elementor-column-gap-default\">\n\t\t\t\t\t<div class=\"elementor-column elementor-col-100 elementor-inner-column elementor-element elementor-element-2a184b1\" data-id=\"2a184b1\" data-element_type=\"column\" data-e-type=\"column\">\n\t\t\t<div class=\"elementor-widget-wrap elementor-element-populated\">\n\t\t\t\t\t\t<div class=\"elementor-element elementor-element-c189cd3 elementor-widget elementor-widget-heading\" data-id=\"c189cd3\" data-element_type=\"widget\" data-e-type=\"widget\" data-widget_type=\"heading.default\">\n\t\t\t\t\t<h2 class=\"elementor-heading-title elementor-size-default\">Nuestros servicios de limpieza m\u00e1s populares<\/h2>\t\t\t\t<\/div>\n\t\t\t\t\t<\/div>\n\t\t<\/div>\n\t\t\t\t\t<\/div>\n\t\t<\/section>\n\t\t\t\t\t<\/div>\n\t\t<\/div>\n\t\t\t\t\t<\/div>\n\t\t<\/section>\n\t\t\t\t<section class=\"elementor-section elementor-top-section elementor-element elementor-element-db99a27 elementor-section-boxed elementor-section-height-default elementor-section-height-default\" data-id=\"db99a27\" data-element_type=\"section\" data-e-type=\"section\">\n\t\t\t\t\t\t<div class=\"elementor-container elementor-column-gap-default\">\n\t\t\t\t\t<div class=\"elementor-column elementor-col-33 elementor-top-column elementor-element elementor-element-5b5094b\" data-id=\"5b5094b\" data-element_type=\"column\" data-e-type=\"column\">\n\t\t\t<div class=\"elementor-widget-wrap elementor-element-populated\">\n\t\t\t\t\t\t<div class=\"elementor-element elementor-element-b60d066 elementor-widget elementor-widget-image\" data-id=\"b60d066\" data-element_type=\"widget\" data-e-type=\"widget\" data-widget_type=\"image.default\">\n\t\t\t\t\t\t\t\t\t\t\t\t\t\t\t<img alt=\"\" fetchpriority=\"high\" decoding=\"async\" width=\"640\" height=\"480\" src=\"https:\/\/freshcasa.es\/wp-content\/uploads\/2026\/02\/epit1.jpeg\" class=\"attachment-large size-large wp-image-1126\" srcset=\"https:\/\/freshcasa.es\/wp-content\/uploads\/2026\/02\/epit1.jpeg 640w, https:\/\/freshcasa.es\/wp-content\/uploads\/2026\/02\/epit1-300x225.jpeg 300w, https:\/\/freshcasa.es\/wp-content\/uploads\/2026\/02\/epit1-600x450.jpeg 600w\" sizes=\"(max-width: 640px) 100vw, 640px\" \/>\t\t\t\t\t\t\t\t\t\t\t\t\t\t\t<\/div>\n\t\t\t\t<div class=\"elementor-element elementor-element-94257e1 elementor-vertical-align-top elementor-widget elementor-widget-image-box\" data-id=\"94257e1\" data-element_type=\"widget\" data-e-type=\"widget\" data-widget_type=\"image-box.default\">\n\t\t\t\t\t<div class=\"elementor-image-box-wrapper\"><div class=\"elementor-image-box-content\"><h5 class=\"elementor-image-box-title\">Limpieza posterior a la construcci\u00f3n<\/h5><p class=\"elementor-image-box-description\">Alapos takar\u00edt\u00e1s \u00e9p\u00edtkez\u00e9s ut\u00e1n, port\u00f3l \u00e9s \u00e9p\u00edt\u00e9si maradv\u00e1nyokt\u00f3l mentes fel\u00fcletek.\n<\/p><\/div><\/div>\t\t\t\t<\/div>\n\t\t\t\t\t<\/div>\n\t\t<\/div>\n\t\t\t\t<div class=\"elementor-column elementor-col-33 elementor-top-column elementor-element elementor-element-4c23f81\" data-id=\"4c23f81\" data-element_type=\"column\" data-e-type=\"column\">\n\t\t\t<div class=\"elementor-widget-wrap elementor-element-populated\">\n\t\t\t\t\t\t<div class=\"elementor-element elementor-element-0084ffb elementor-widget elementor-widget-image\" data-id=\"0084ffb\" data-element_type=\"widget\" data-e-type=\"widget\" data-widget_type=\"image.default\">\n\t\t\t\t\t\t\t\t\t\t\t\t\t\t\t<img alt=\"\" decoding=\"async\" width=\"1024\" height=\"768\" src=\"https:\/\/freshcasa.es\/wp-content\/uploads\/2026\/02\/keresk1-1024x768.jpeg\" class=\"attachment-large size-large wp-image-1136\" srcset=\"https:\/\/freshcasa.es\/wp-content\/uploads\/2026\/02\/keresk1-1024x768.jpeg 1024w, https:\/\/freshcasa.es\/wp-content\/uploads\/2026\/02\/keresk1-300x225.jpeg 300w, https:\/\/freshcasa.es\/wp-content\/uploads\/2026\/02\/keresk1-768x576.jpeg 768w, https:\/\/freshcasa.es\/wp-content\/uploads\/2026\/02\/keresk1-600x450.jpeg 600w, https:\/\/freshcasa.es\/wp-content\/uploads\/2026\/02\/keresk1.jpeg 1200w\" sizes=\"(max-width: 1024px) 100vw, 1024px\" \/>\t\t\t\t\t\t\t\t\t\t\t\t\t\t\t<\/div>\n\t\t\t\t<div class=\"elementor-element elementor-element-18245d5 elementor-vertical-align-top elementor-widget elementor-widget-image-box\" data-id=\"18245d5\" data-element_type=\"widget\" data-e-type=\"widget\" data-widget_type=\"image-box.default\">\n\t\t\t\t\t<div class=\"elementor-image-box-wrapper\"><div class=\"elementor-image-box-content\"><h5 class=\"elementor-image-box-title\">Limpieza comercial<\/h5><p class=\"elementor-image-box-description\">Tartsa \u00fczlet\u00e9t, boltj\u00e1t mindig ragyog\u00f3an tiszt\u00e1n! K\u00e9rjen bej\u00e1r\u00e1st vagy \u00e1raj\u00e1nlatot profi kereskedelmi takar\u00edt\u00e1sra.<\/p><\/div><\/div>\t\t\t\t<\/div>\n\t\t\t\t\t<\/div>\n\t\t<\/div>\n\t\t\t\t<div class=\"elementor-column elementor-col-33 elementor-top-column elementor-element elementor-element-2f5de2a\" data-id=\"2f5de2a\" data-element_type=\"column\" data-e-type=\"column\">\n\t\t\t<div class=\"elementor-widget-wrap elementor-element-populated\">\n\t\t\t\t\t\t<div class=\"elementor-element elementor-element-255ddff elementor-widget elementor-widget-image\" data-id=\"255ddff\" data-element_type=\"widget\" data-e-type=\"widget\" data-widget_type=\"image.default\">\n\t\t\t\t\t\t\t\t\t\t\t\t\t\t\t<img alt=\"\" decoding=\"async\" width=\"480\" height=\"520\" src=\"https:\/\/freshcasa.es\/wp-content\/uploads\/2026\/02\/iroda1.jpeg\" class=\"attachment-large size-large wp-image-1138\" srcset=\"https:\/\/freshcasa.es\/wp-content\/uploads\/2026\/02\/iroda1.jpeg 480w, https:\/\/freshcasa.es\/wp-content\/uploads\/2026\/02\/iroda1-277x300.jpeg 277w\" sizes=\"(max-width: 480px) 100vw, 480px\" \/>\t\t\t\t\t\t\t\t\t\t\t\t\t\t\t<\/div>\n\t\t\t\t<div class=\"elementor-element elementor-element-bfe96d4 elementor-vertical-align-top elementor-widget elementor-widget-image-box\" data-id=\"bfe96d4\" data-element_type=\"widget\" data-e-type=\"widget\" data-widget_type=\"image-box.default\">\n\t\t\t\t\t<div class=\"elementor-image-box-wrapper\"><div class=\"elementor-image-box-content\"><h5 class=\"elementor-image-box-title\">Limpieza de oficinas<\/h5><p class=\"elementor-image-box-description\">Rendszeres irodai takar\u00edt\u00e1s a higi\u00e9nikus, rendezett \u00e9s hat\u00e9kony munkak\u00f6rnyezet\u00e9rt.<\/p><\/div><\/div>\t\t\t\t<\/div>\n\t\t\t\t\t<\/div>\n\t\t<\/div>\n\t\t\t\t\t<\/div>\n\t\t<\/section>\n\t\t\t\t<section class=\"elementor-section elementor-top-section elementor-element elementor-element-34da090 elementor-section-boxed elementor-section-height-default elementor-section-height-default\" data-id=\"34da090\" data-element_type=\"section\" data-e-type=\"section\">\n\t\t\t\t\t\t<div class=\"elementor-container elementor-column-gap-default\">\n\t\t\t\t\t<div class=\"elementor-column elementor-col-50 elementor-top-column elementor-element elementor-element-da0e947\" data-id=\"da0e947\" data-element_type=\"column\" data-e-type=\"column\">\n\t\t\t<div class=\"elementor-widget-wrap elementor-element-populated\">\n\t\t\t\t\t\t<div class=\"elementor-element elementor-element-ee37200 elementor-widget elementor-widget-image\" data-id=\"ee37200\" data-element_type=\"widget\" data-e-type=\"widget\" data-widget_type=\"image.default\">\n\t\t\t\t\t\t\t\t\t\t\t\t\t\t\t<img alt=\"\" loading=\"lazy\" decoding=\"async\" width=\"700\" height=\"402\" src=\"https:\/\/freshcasa.es\/wp-content\/uploads\/2026\/02\/kert1.jpeg\" class=\"attachment-large size-large wp-image-956\" srcset=\"https:\/\/freshcasa.es\/wp-content\/uploads\/2026\/02\/kert1.jpeg 700w, https:\/\/freshcasa.es\/wp-content\/uploads\/2026\/02\/kert1-300x172.jpeg 300w, https:\/\/freshcasa.es\/wp-content\/uploads\/2026\/02\/kert1-600x345.jpeg 600w\" sizes=\"(max-width: 700px) 100vw, 700px\" \/>\t\t\t\t\t\t\t\t\t\t\t\t\t\t\t<\/div>\n\t\t\t\t<div class=\"elementor-element elementor-element-549578c elementor-vertical-align-top elementor-widget elementor-widget-image-box\" data-id=\"549578c\" data-element_type=\"widget\" data-e-type=\"widget\" data-widget_type=\"image-box.default\">\n\t\t\t\t\t<div class=\"elementor-image-box-wrapper\"><div class=\"elementor-image-box-content\"><h5 class=\"elementor-image-box-title\">Cuidado del jard\u00edn<\/h5><p class=\"elementor-image-box-description\">Teljes k\u00f6r\u0171 kert\u00e1pol\u00e1s: gyep- \u00e9s n\u00f6v\u00e9nygondoz\u00e1s, ny\u00edr\u00e1s \u00e9s rendben tart\u00e1s.<\/p><\/div><\/div>\t\t\t\t<\/div>\n\t\t\t\t\t<\/div>\n\t\t<\/div>\n\t\t\t\t<div class=\"elementor-column elementor-col-50 elementor-top-column elementor-element elementor-element-1a2e84d\" data-id=\"1a2e84d\" data-element_type=\"column\" data-e-type=\"column\">\n\t\t\t<div class=\"elementor-widget-wrap elementor-element-populated\">\n\t\t\t\t\t\t<div class=\"elementor-element elementor-element-5ad102c elementor-widget elementor-widget-image\" data-id=\"5ad102c\" data-element_type=\"widget\" data-e-type=\"widget\" data-widget_type=\"image.default\">\n\t\t\t\t\t\t\t\t\t\t\t\t\t\t\t<img alt=\"\" loading=\"lazy\" decoding=\"async\" width=\"933\" height=\"933\" src=\"https:\/\/freshcasa.es\/wp-content\/uploads\/2022\/06\/pexels-karolina-grabowska-4239146.jpg\" class=\"attachment-large size-large wp-image-697\" srcset=\"https:\/\/freshcasa.es\/wp-content\/uploads\/2022\/06\/pexels-karolina-grabowska-4239146.jpg 933w, https:\/\/freshcasa.es\/wp-content\/uploads\/2022\/06\/pexels-karolina-grabowska-4239146-300x300.jpg 300w, https:\/\/freshcasa.es\/wp-content\/uploads\/2022\/06\/pexels-karolina-grabowska-4239146-100x100.jpg 100w, https:\/\/freshcasa.es\/wp-content\/uploads\/2022\/06\/pexels-karolina-grabowska-4239146-600x600.jpg 600w, https:\/\/freshcasa.es\/wp-content\/uploads\/2022\/06\/pexels-karolina-grabowska-4239146-150x150.jpg 150w, https:\/\/freshcasa.es\/wp-content\/uploads\/2022\/06\/pexels-karolina-grabowska-4239146-768x768.jpg 768w\" sizes=\"(max-width: 933px) 100vw, 933px\" \/>\t\t\t\t\t\t\t\t\t\t\t\t\t\t\t<\/div>\n\t\t\t\t<div class=\"elementor-element elementor-element-1dd480b elementor-vertical-align-top elementor-widget elementor-widget-image-box\" data-id=\"1dd480b\" data-element_type=\"widget\" data-e-type=\"widget\" data-widget_type=\"image-box.default\">\n\t\t\t\t\t<div class=\"elementor-image-box-wrapper\"><div class=\"elementor-image-box-content\"><h5 class=\"elementor-image-box-title\">Limpieza de cristales y superficies acristaladas<\/h5><p class=\"elementor-image-box-description\">Prec\u00edz ablak- \u00e9s \u00fcvegfel\u00fclet tiszt\u00edt\u00e1s, folt- \u00e9s v\u00edzk\u0151mentesen minden fel\u00fcleten.<\/p><\/div><\/div>\t\t\t\t<\/div>\n\t\t\t\t\t<\/div>\n\t\t<\/div>\n\t\t\t\t\t<\/div>\n\t\t<\/section>\n\t\t\t\t<section class=\"elementor-section elementor-top-section elementor-element elementor-element-3355cd9 elementor-section-boxed elementor-section-height-default elementor-section-height-default\" data-id=\"3355cd9\" data-element_type=\"section\" data-e-type=\"section\">\n\t\t\t\t\t\t<div class=\"elementor-container elementor-column-gap-default\">\n\t\t\t\t\t<div class=\"elementor-column elementor-col-100 elementor-top-column elementor-element elementor-element-efb411b\" data-id=\"efb411b\" data-element_type=\"column\" data-e-type=\"column\">\n\t\t\t<div class=\"elementor-widget-wrap elementor-element-populated\">\n\t\t\t\t\t\t<section class=\"elementor-section elementor-inner-section elementor-element elementor-element-ae00a8e elementor-section-boxed elementor-section-height-default elementor-section-height-default\" data-id=\"ae00a8e\" data-element_type=\"section\" data-e-type=\"section\">\n\t\t\t\t\t\t<div class=\"elementor-container elementor-column-gap-default\">\n\t\t\t\t\t<div class=\"elementor-column elementor-col-100 elementor-inner-column elementor-element elementor-element-c54f2b0\" data-id=\"c54f2b0\" data-element_type=\"column\" data-e-type=\"column\">\n\t\t\t<div class=\"elementor-widget-wrap elementor-element-populated\">\n\t\t\t\t\t\t<div class=\"elementor-element elementor-element-6a9f3a1 elementor-widget elementor-widget-heading\" data-id=\"6a9f3a1\" data-element_type=\"widget\" data-e-type=\"widget\" data-widget_type=\"heading.default\">\n\t\t\t\t\t<h2 class=\"elementor-heading-title elementor-size-default\">Precios de nuestros servicios\n<\/h2>\t\t\t\t<\/div>\n\t\t\t\t<div class=\"elementor-element elementor-element-b851c8e elementor-widget elementor-widget-text-editor\" data-id=\"b851c8e\" data-element_type=\"widget\" data-e-type=\"widget\" data-widget_type=\"text-editor.default\">\n\t\t\t\t\t\t\t\t\t<p>Szolg\u00e1ltat\u00e1sainkat egy\u00e9ni felm\u00e9r\u00e9s alapj\u00e1n, szem\u00e9lyre szabott \u00e1raj\u00e1nlattal biztos\u00edtjuk.<\/p>\t\t\t\t\t\t\t\t<\/div>\n\t\t\t\t\t<\/div>\n\t\t<\/div>\n\t\t\t\t\t<\/div>\n\t\t<\/section>\n\t\t\t\t\t<\/div>\n\t\t<\/div>\n\t\t\t\t\t<\/div>\n\t\t<\/section>\n\t\t\t\t<section class=\"elementor-section elementor-top-section elementor-element elementor-element-5667a0b elementor-section-boxed elementor-section-height-default elementor-section-height-default\" data-id=\"5667a0b\" data-element_type=\"section\" data-e-type=\"section\">\n\t\t\t\t\t\t<div class=\"elementor-container elementor-column-gap-default\">\n\t\t\t\t\t<div class=\"elementor-column elementor-col-100 elementor-top-column elementor-element elementor-element-d5a0f2e\" data-id=\"d5a0f2e\" data-element_type=\"column\" data-e-type=\"column\">\n\t\t\t<div class=\"elementor-widget-wrap\">\n\t\t\t\t\t\t\t<\/div>\n\t\t<\/div>\n\t\t\t\t\t<\/div>\n\t\t<\/section>\n\t\t\t\t<section class=\"elementor-section elementor-top-section elementor-element elementor-element-984ad1a elementor-section-full_width elementor-section-height-default elementor-section-height-default\" data-id=\"984ad1a\" data-element_type=\"section\" data-e-type=\"section\" data-settings=\"{&quot;background_background&quot;:&quot;classic&quot;}\">\n\t\t\t\t\t\t<div class=\"elementor-container elementor-column-gap-default\">\n\t\t\t\t\t<div class=\"elementor-column elementor-col-100 elementor-top-column elementor-element elementor-element-4776745\" data-id=\"4776745\" data-element_type=\"column\" data-e-type=\"column\">\n\t\t\t<div class=\"elementor-widget-wrap elementor-element-populated\">\n\t\t\t\t\t\t<div class=\"elementor-element elementor-element-c82c342 elementor-widget elementor-widget-image-carousel\" data-id=\"c82c342\" data-element_type=\"widget\" data-e-type=\"widget\" data-settings=\"{&quot;slides_to_show&quot;:&quot;5&quot;,&quot;navigation&quot;:&quot;none&quot;,&quot;image_spacing_custom&quot;:{&quot;unit&quot;:&quot;px&quot;,&quot;size&quot;:80,&quot;sizes&quot;:[]},&quot;slides_to_show_tablet&quot;:&quot;3&quot;,&quot;slides_to_show_mobile&quot;:&quot;2&quot;,&quot;autoplay&quot;:&quot;yes&quot;,&quot;pause_on_hover&quot;:&quot;yes&quot;,&quot;pause_on_interaction&quot;:&quot;yes&quot;,&quot;autoplay_speed&quot;:5000,&quot;infinite&quot;:&quot;yes&quot;,&quot;speed&quot;:500,&quot;image_spacing_custom_tablet&quot;:{&quot;unit&quot;:&quot;px&quot;,&quot;size&quot;:&quot;&quot;,&quot;sizes&quot;:[]},&quot;image_spacing_custom_mobile&quot;:{&quot;unit&quot;:&quot;px&quot;,&quot;size&quot;:&quot;&quot;,&quot;sizes&quot;:[]}}\" data-widget_type=\"image-carousel.default\">\n\t\t\t\t\t\t\t<div class=\"elementor-image-carousel-wrapper swiper\" role=\"region\" aria-roledescription=\"carousel\" aria-label=\"K\u00e9p k\u00f6rhinta\" dir=\"ltr\">\n\t\t\t<div class=\"elementor-image-carousel swiper-wrapper\" aria-live=\"off\">\n\t\t\t\t\t\t\t\t<div class=\"swiper-slide\" role=\"group\" aria-roledescription=\"slide\" aria-label=\"1 \/ 5\"><figure class=\"swiper-slide-inner\"><img decoding=\"async\" class=\"swiper-slide-image\" src=\"https:\/\/freshcasa.es\/wp-content\/uploads\/2026\/02\/eco2-150x150.jpeg\" alt=\"eco2\" \/><\/figure><\/div><div class=\"swiper-slide\" role=\"group\" aria-roledescription=\"slide\" aria-label=\"2 \/ 5\"><figure class=\"swiper-slide-inner\"><img decoding=\"async\" class=\"swiper-slide-image\" src=\"https:\/\/freshcasa.es\/wp-content\/uploads\/2026\/02\/logo-06.02-150x150.jpeg\" alt=\"logo 06.02.\" \/><\/figure><\/div><div class=\"swiper-slide\" role=\"group\" aria-roledescription=\"slide\" aria-label=\"3 \/ 5\"><figure class=\"swiper-slide-inner\"><img decoding=\"async\" class=\"swiper-slide-image\" src=\"https:\/\/freshcasa.es\/wp-content\/uploads\/2026\/02\/eco1-150x150.jpeg\" alt=\"eco1\" \/><\/figure><\/div><div class=\"swiper-slide\" role=\"group\" aria-roledescription=\"slide\" aria-label=\"4 \/ 5\"><figure class=\"swiper-slide-inner\"><img decoding=\"async\" class=\"swiper-slide-image\" src=\"https:\/\/freshcasa.es\/wp-content\/uploads\/2026\/01\/cropped-logo-1-150x150.jpg\" alt=\"cropped-logo-1.jpg\" \/><\/figure><\/div><div class=\"swiper-slide\" role=\"group\" aria-roledescription=\"slide\" aria-label=\"5 \/ 5\"><figure class=\"swiper-slide-inner\"><img decoding=\"async\" class=\"swiper-slide-image\" src=\"https:\/\/freshcasa.es\/wp-content\/uploads\/2026\/02\/eco3-150x150.jpeg\" alt=\"eco3\" \/><\/figure><\/div>\t\t\t<\/div>\n\t\t\t\t\t\t\t\n\t\t\t\t\t\t\t\t\t<\/div>\n\t\t\t\t\t\t<\/div>\n\t\t\t\t\t<\/div>\n\t\t<\/div>\n\t\t\t\t\t<\/div>\n\t\t<\/section>\n\t\t\t\t<\/div>","protected":false},"excerpt":{"rendered":"<p>Szolg\u00e1ltat\u00e1sok Szolg\u00e1ltat\u00e1sainkat egy\u00e9ni felm\u00e9r\u00e9s alapj\u00e1n, szem\u00e9lyre szabott \u00e1raj\u00e1nlattal biztos\u00edtjuk. Legn\u00e9pszer\u0171bb takar\u00edt\u00e1si szolg\u00e1ltat\u00e1saink az \u00d6n sz\u00e1m\u00e1ra \u00c9p\u00edt\u00e9s ut\u00e1ni takar\u00edt\u00e1s Alapos takar\u00edt\u00e1s \u00e9p\u00edtkez\u00e9s ut\u00e1n, port\u00f3l \u00e9s \u00e9p\u00edt\u00e9si maradv\u00e1nyokt\u00f3l mentes fel\u00fcletek. Kereskedelmi takar\u00edt\u00e1s&#8230;<\/p>","protected":false},"author":1,"featured_media":0,"parent":0,"menu_order":0,"comment_status":"closed","ping_status":"closed","template":"","meta":{"_seopress_robots_primary_cat":"","_seopress_titles_title":"","_seopress_titles_desc":"","_seopress_robots_index":"","_EventAllDay":false,"_EventTimezone":"","_EventStartDate":"","_EventEndDate":"","_EventStartDateUTC":"","_EventEndDateUTC":"","_EventShowMap":false,"_EventShowMapLink":false,"_EventURL":"","_EventCost":"","_EventCostDescription":"","_EventCurrencySymbol":"","_EventCurrencyCode":"","_EventCurrencyPosition":"","_EventDateTimeSeparator":"","_EventTimeRangeSeparator":"","_EventOrganizerID":[],"_EventVenueID":[],"_OrganizerEmail":"","_OrganizerPhone":"","_OrganizerWebsite":"","_VenueAddress":"","_VenueCity":"","_VenueCountry":"","_VenueProvince":"","_VenueState":"","_VenueZip":"","_VenuePhone":"","_VenueURL":"","_VenueStateProvince":"","_VenueLat":"","_VenueLng":"","_VenueShowMap":false,"_VenueShowMapLink":false,"_kadence_starter_templates_imported_post":true,"_kad_post_transparent":"","_kad_post_title":"hide","_kad_post_layout":"fullwidth","_kad_post_sidebar_id":"","_kad_post_content_style":"unboxed","_kad_post_vertical_padding":"hide","_kad_post_feature":"hide","_kad_post_feature_position":"","_kad_post_header":false,"_kad_post_footer":false,"_kad_post_classname":"","footnotes":""},"class_list":["post-738","page","type-page","status-publish","hentry"],"_links":{"self":[{"href":"https:\/\/freshcasa.es\/es\/wp-json\/wp\/v2\/pages\/738","targetHints":{"allow":["GET"]}}],"collection":[{"href":"https:\/\/freshcasa.es\/es\/wp-json\/wp\/v2\/pages"}],"about":[{"href":"https:\/\/freshcasa.es\/es\/wp-json\/wp\/v2\/types\/page"}],"author":[{"embeddable":true,"href":"https:\/\/freshcasa.es\/es\/wp-json\/wp\/v2\/users\/1"}],"replies":[{"embeddable":true,"href":"https:\/\/freshcasa.es\/es\/wp-json\/wp\/v2\/comments?post=738"}],"version-history":[{"count":38,"href":"https:\/\/freshcasa.es\/es\/wp-json\/wp\/v2\/pages\/738\/revisions"}],"predecessor-version":[{"id":1481,"href":"https:\/\/freshcasa.es\/es\/wp-json\/wp\/v2\/pages\/738\/revisions\/1481"}],"wp:attachment":[{"href":"https:\/\/freshcasa.es\/es\/wp-json\/wp\/v2\/media?parent=738"}],"curies":[{"name":"wp","href":"https:\/\/api.w.org\/{rel}","templated":true}]}}