{"id":1431,"date":"2026-02-14T16:20:07","date_gmt":"2026-02-14T16:20:07","guid":{"rendered":"https:\/\/freshcasa.es\/?page_id=1431"},"modified":"2026-02-14T16:38:14","modified_gmt":"2026-02-14T16:38:14","slug":"jarolap-es-terko-tisztitas","status":"publish","type":"page","link":"https:\/\/freshcasa.es\/es\/jarolap-es-terko-tisztitas\/","title":{"rendered":"Limpieza de baldosas y piedra"},"content":{"rendered":"<div data-elementor-type=\"wp-page\" data-elementor-id=\"1431\" class=\"elementor elementor-1431\" data-elementor-post-type=\"page\">\n\t\t\t\t<div class=\"elementor-element elementor-element-dc2bb02 e-flex e-con-boxed e-con e-parent\" data-id=\"dc2bb02\" data-element_type=\"container\" data-e-type=\"container\">\n\t\t\t\t\t<div class=\"e-con-inner\">\n\t\t\t\t<div class=\"elementor-element elementor-element-26bebc1 elementor-widget elementor-widget-heading\" data-id=\"26bebc1\" data-element_type=\"widget\" data-e-type=\"widget\" data-widget_type=\"heading.default\">\n\t\t\t\t\t<h2 class=\"elementor-heading-title elementor-size-default\">Limpieza de baldosas y piedra<\/h2>\t\t\t\t<\/div>\n\t\t\t\t<div class=\"elementor-element elementor-element-6ab9b3a elementor-widget elementor-widget-image\" data-id=\"6ab9b3a\" data-element_type=\"widget\" data-e-type=\"widget\" data-widget_type=\"image.default\">\n\t\t\t\t\t\t\t\t\t\t\t\t\t\t\t<img alt=\"\" fetchpriority=\"high\" decoding=\"async\" width=\"1024\" height=\"793\" src=\"https:\/\/freshcasa.es\/wp-content\/uploads\/2026\/02\/Example-A-Roll-Image-1024x793-1.jpg\" class=\"attachment-large size-large wp-image-1407\" srcset=\"https:\/\/freshcasa.es\/wp-content\/uploads\/2026\/02\/Example-A-Roll-Image-1024x793-1.jpg 1024w, https:\/\/freshcasa.es\/wp-content\/uploads\/2026\/02\/Example-A-Roll-Image-1024x793-1-300x232.jpg 300w, https:\/\/freshcasa.es\/wp-content\/uploads\/2026\/02\/Example-A-Roll-Image-1024x793-1-768x595.jpg 768w, https:\/\/freshcasa.es\/wp-content\/uploads\/2026\/02\/Example-A-Roll-Image-1024x793-1-600x465.jpg 600w\" sizes=\"(max-width: 1024px) 100vw, 1024px\" \/>\t\t\t\t\t\t\t\t\t\t\t\t\t\t\t<\/div>\n\t\t\t\t\t<\/div>\n\t\t\t\t<\/div>\n\t\t<div class=\"elementor-element elementor-element-0e99eb9 e-flex e-con-boxed e-con e-parent\" data-id=\"0e99eb9\" data-element_type=\"container\" data-e-type=\"container\">\n\t\t\t\t\t<div class=\"e-con-inner\">\n\t\t\t\t<div class=\"elementor-element elementor-element-8af505d elementor-widget elementor-widget-text-editor\" data-id=\"8af505d\" data-element_type=\"widget\" data-e-type=\"widget\" data-widget_type=\"text-editor.default\">\n\t\t\t\t\t\t\t\t\t<p>Gran Canaria d\u00e9li r\u00e9sz\u00e9n a terasz az \u00e9lett\u00e9r k\u00f6zpontja. Azonban a sivatagi por (calima), a kem\u00e9ny v\u00edz okozta v\u00edzk\u0151lerak\u00f3d\u00e1s \u00e9s az UV-sug\u00e1rz\u00e1s gyorsan matt\u00e1 \u00e9s piszkoss\u00e1 teszi a burkolatokat. Mi nem csak lemossuk \u2013 mi <b data-path-to-node=\"4\" data-index-in-node=\"217\">fel\u00faj\u00edtjuk<\/b> a fel\u00fcleteket!<\/p>\t\t\t\t\t\t\t\t<\/div>\n\t\t\t\t\t<\/div>\n\t\t\t\t<\/div>\n\t\t<div class=\"elementor-element elementor-element-66ea877 e-flex e-con-boxed e-con e-parent\" data-id=\"66ea877\" data-element_type=\"container\" data-e-type=\"container\">\n\t\t\t\t\t<div class=\"e-con-inner\">\n\t\t<div class=\"elementor-element elementor-element-0d4ae8b e-con-full e-flex e-con e-child\" data-id=\"0d4ae8b\" data-element_type=\"container\" data-e-type=\"container\">\n\t\t\t\t<div class=\"elementor-element elementor-element-9dc96f6 elementor-widget elementor-widget-heading\" data-id=\"9dc96f6\" data-element_type=\"widget\" data-e-type=\"widget\" data-widget_type=\"heading.default\">\n\t\t\t\t\t<h2 class=\"elementor-heading-title elementor-size-default\">\ud83d\ude80 Mi\u00e9rt a mi technol\u00f3gi\u00e1nk a legjobb v\u00e1laszt\u00e1s?<\/h2>\t\t\t\t<\/div>\n\t\t\t\t<div class=\"elementor-element elementor-element-9b70928 elementor-widget elementor-widget-text-editor\" data-id=\"9b70928\" data-element_type=\"widget\" data-e-type=\"widget\" data-widget_type=\"text-editor.default\">\n\t\t\t\t\t\t\t\t\t<p>Sokan csak egyszer\u0171 magasnyom\u00e1s\u00fa mos\u00f3t haszn\u00e1lnak, ami gyakran csak sz\u00e9tfr\u00f6csk\u00f6li a koszt a falakra. Mi szintet l\u00e9pt\u00fcnk:<\/p>\t\t\t\t\t\t\t\t<\/div>\n\t\t\t\t<\/div>\n\t\t<div class=\"elementor-element elementor-element-78bb31a e-con-full e-flex e-con e-child\" data-id=\"78bb31a\" data-element_type=\"container\" data-e-type=\"container\">\n\t\t\t\t<div class=\"elementor-element elementor-element-b84723d elementor-widget elementor-widget-text-editor\" data-id=\"b84723d\" data-element_type=\"widget\" data-e-type=\"widget\" data-widget_type=\"text-editor.default\">\n\t\t\t\t\t\t\t\t\t<ol start=\"1\" data-path-to-node=\"7\"><li><p data-path-to-node=\"7,0,0\"><b data-path-to-node=\"7,0,0\" data-index-in-node=\"0\">Forg\u00f3korongos s\u00farol\u00f3g\u00e9p:<\/b> Ipari monot\u00e1rcs\u00e1s g\u00e9p\u00fcnkkel m\u00e9lyen a p\u00f3rusok k\u00f6z\u00e9 hatolunk. A k\u00f6rk\u00f6r\u00f6s mechanikai s\u00farol\u00e1s elt\u00e1vol\u00edtja azt a r\u00e9teget is, amit a v\u00edz \u00f6nmag\u00e1ban nem tudna.<\/p><\/li><li><p data-path-to-node=\"7,1,0\"><b data-path-to-node=\"7,1,0\" data-index-in-node=\"0\">Aqualise \u2013 A v\u00edzk\u0151 ellens\u00e9ge:<\/b> Ez a speci\u00e1lis, professzion\u00e1lis tiszt\u00edt\u00f3szer kifejezetten a spanyolorsz\u00e1gi viszonyokra lett kifejlesztve. Vegyszeresen feloldja a r\u00e1\u00e9gett m\u00e9szk\u00f6vet, a kalima-port, a rozsdafoltokat \u00e9s a zs\u00edrt.<\/p><\/li><li><p data-path-to-node=\"7,2,0\"><b data-path-to-node=\"7,2,0\" data-index-in-node=\"0\">Fuga-tiszt\u00edt\u00e1s:<\/b> A technol\u00f3gi\u00e1nk kiemelt figyelmet ford\u00edt a fug\u00e1kra is, ahol a legt\u00f6bb bakt\u00e9rium \u00e9s s\u00f6t\u00e9t elsz\u00ednez\u0151d\u00e9s meg\u00fcl.<\/p><\/li><\/ol>\t\t\t\t\t\t\t\t<\/div>\n\t\t\t\t<\/div>\n\t\t\t\t\t<\/div>\n\t\t\t\t<\/div>\n\t\t<div class=\"elementor-element elementor-element-0feb20d e-flex e-con-boxed e-con e-parent\" data-id=\"0feb20d\" data-element_type=\"container\" data-e-type=\"container\">\n\t\t\t\t\t<div class=\"e-con-inner\">\n\t\t<div class=\"elementor-element elementor-element-897fd7a e-con-full e-flex e-con e-child\" data-id=\"897fd7a\" data-element_type=\"container\" data-e-type=\"container\">\n\t\t\t\t<div class=\"elementor-element elementor-element-dad3e90 elementor-widget elementor-widget-text-editor\" data-id=\"dad3e90\" data-element_type=\"widget\" data-e-type=\"widget\" data-widget_type=\"text-editor.default\">\n\t\t\t\t\t\t\t\t\t<ul><li><p data-path-to-node=\"10,0,0\"><b data-path-to-node=\"10,0,0\" data-index-in-node=\"0\">T\u00e9rk\u0151 \u00e9s betonburkolatok:<\/b> Elt\u00fcntetj\u00fck a kocsibe\u00e1ll\u00f3k olajfoltjait \u00e9s a moh\u00e1sod\u00e1st.<\/p><\/li><li><p data-path-to-node=\"10,1,0\"><b data-path-to-node=\"10,1,0\" data-index-in-node=\"0\">Ker\u00e1mia \u00e9s gres lapok:<\/b> Visszaadjuk a j\u00e1r\u00f3lapok eredeti sz\u00edn\u00e9t \u00e9s f\u00e9ny\u00e9t.<\/p><\/li><li><p data-path-to-node=\"10,2,0\"><b data-path-to-node=\"10,2,0\" data-index-in-node=\"0\">Term\u00e9szetes k\u00f6vek:<\/b> K\u00edm\u00e9letes, de hat\u00e9kony tiszt\u00edt\u00e1s a k\u0151 szerkezet\u00e9nek megs\u00e9rt\u00e9se n\u00e9lk\u00fcl.<\/p><\/li><li><p data-path-to-node=\"10,3,0\"><b data-path-to-node=\"10,3,0\" data-index-in-node=\"0\">Medence k\u00f6r\u00fcli burkolatok:<\/b> Speci\u00e1lis cs\u00fasz\u00e1smentes\u00edt\u0151 tiszt\u00edt\u00e1s \u00e9s fert\u0151tlen\u00edt\u00e9s.<\/p><\/li><\/ul>\t\t\t\t\t\t\t\t<\/div>\n\t\t\t\t<\/div>\n\t\t<div class=\"elementor-element elementor-element-50ca9eb e-con-full e-flex e-con e-child\" data-id=\"50ca9eb\" data-element_type=\"container\" data-e-type=\"container\">\n\t\t\t\t<div class=\"elementor-element elementor-element-6faafab elementor-widget elementor-widget-heading\" data-id=\"6faafab\" data-element_type=\"widget\" data-e-type=\"widget\" data-widget_type=\"heading.default\">\n\t\t\t\t\t<h2 class=\"elementor-heading-title elementor-size-default\">\u2705 Milyen fel\u00fcleteken alkalmazhat\u00f3?<\/h2>\t\t\t\t<\/div>\n\t\t\t\t<\/div>\n\t\t\t\t\t<\/div>\n\t\t\t\t<\/div>\n\t\t<div class=\"elementor-element elementor-element-3c261db e-flex e-con-boxed e-con e-parent\" data-id=\"3c261db\" data-element_type=\"container\" data-e-type=\"container\">\n\t\t\t\t\t<div class=\"e-con-inner\">\n\t\t<div class=\"elementor-element elementor-element-ee0b9e1 e-con-full e-flex e-con e-child\" data-id=\"ee0b9e1\" data-element_type=\"container\" data-e-type=\"container\">\n\t\t\t\t<div class=\"elementor-element elementor-element-4f3408c elementor-widget elementor-widget-heading\" data-id=\"4f3408c\" data-element_type=\"widget\" data-e-type=\"widget\" data-widget_type=\"heading.default\">\n\t\t\t\t\t<h2 class=\"elementor-heading-title elementor-size-default\">\ud83d\udca7 K\u00f6rnyezettudatos \u00e9s biztons\u00e1gos megold\u00e1s<\/h2>\t\t\t\t<\/div>\n\t\t\t\t<div class=\"elementor-element elementor-element-9a3a778 elementor-widget elementor-widget-text-editor\" data-id=\"9a3a778\" data-element_type=\"widget\" data-e-type=\"widget\" data-widget_type=\"text-editor.default\">\n\t\t\t\t\t\t\t\t\t<p>Tiszt\u00e1ban vagyunk vele, hogy a teraszon gyermekek \u00e9s h\u00e1zi\u00e1llatok is tart\u00f3zkodnak. Ez\u00e9rt az <b data-path-to-node=\"13\" data-index-in-node=\"91\">Aqualise<\/b> \u00e9s egy\u00e9b szereink:<\/p>\t\t\t\t\t\t\t\t<\/div>\n\t\t\t\t<div class=\"elementor-element elementor-element-b142f46 elementor-widget elementor-widget-text-editor\" data-id=\"b142f46\" data-element_type=\"widget\" data-e-type=\"widget\" data-widget_type=\"text-editor.default\">\n\t\t\t\t\t\t\t\t\t<ol start=\"1\" data-path-to-node=\"7\"><li><ul><li><p data-path-to-node=\"14,0,0\"><b data-path-to-node=\"14,0,0\" data-index-in-node=\"0\">Foszforsav- \u00e9s s\u00f3savmentesek.<\/b><\/p><\/li><li><p data-path-to-node=\"14,1,0\">Biol\u00f3giailag leboml\u00f3ak.<\/p><\/li><li><p data-path-to-node=\"14,2,0\">Nem k\u00e1ros\u00edtj\u00e1k a n\u00f6v\u00e9nyzetet vagy a kerti b\u00fatorokat.<\/p><\/li><\/ul><\/li><\/ol>\t\t\t\t\t\t\t\t<\/div>\n\t\t\t\t<\/div>\n\t\t<div class=\"elementor-element elementor-element-938b087 e-con-full e-flex e-con e-child\" data-id=\"938b087\" data-element_type=\"container\" data-e-type=\"container\">\n\t\t\t\t<div class=\"elementor-element elementor-element-94a0424 elementor-widget elementor-widget-image\" data-id=\"94a0424\" data-element_type=\"widget\" data-e-type=\"widget\" data-widget_type=\"image.default\">\n\t\t\t\t\t\t\t\t\t\t\t\t\t\t\t<img alt=\"\" decoding=\"async\" width=\"1024\" height=\"793\" src=\"https:\/\/freshcasa.es\/wp-content\/uploads\/2026\/02\/Example-A-Roll-Image-scaled-1-1024x793.jpg\" class=\"attachment-large size-large wp-image-1406\" srcset=\"https:\/\/freshcasa.es\/wp-content\/uploads\/2026\/02\/Example-A-Roll-Image-scaled-1-1024x793.jpg 1024w, https:\/\/freshcasa.es\/wp-content\/uploads\/2026\/02\/Example-A-Roll-Image-scaled-1-300x232.jpg 300w, https:\/\/freshcasa.es\/wp-content\/uploads\/2026\/02\/Example-A-Roll-Image-scaled-1-768x595.jpg 768w, https:\/\/freshcasa.es\/wp-content\/uploads\/2026\/02\/Example-A-Roll-Image-scaled-1-1536x1189.jpg 1536w, https:\/\/freshcasa.es\/wp-content\/uploads\/2026\/02\/Example-A-Roll-Image-scaled-1-2048x1586.jpg 2048w, https:\/\/freshcasa.es\/wp-content\/uploads\/2026\/02\/Example-A-Roll-Image-scaled-1-600x465.jpg 600w\" sizes=\"(max-width: 1024px) 100vw, 1024px\" \/>\t\t\t\t\t\t\t\t\t\t\t\t\t\t\t<\/div>\n\t\t\t\t<\/div>\n\t\t\t\t\t<\/div>\n\t\t\t\t<\/div>\n\t\t<div class=\"elementor-element elementor-element-8d8c0cc e-flex e-con-boxed e-con e-parent\" data-id=\"8d8c0cc\" data-element_type=\"container\" data-e-type=\"container\">\n\t\t\t\t\t<div class=\"e-con-inner\">\n\t\t<div class=\"elementor-element elementor-element-bbd691c e-con-full e-flex e-con e-child\" data-id=\"bbd691c\" data-element_type=\"container\" data-e-type=\"container\">\n\t\t\t\t<div class=\"elementor-element elementor-element-e3316de elementor-widget elementor-widget-heading\" data-id=\"e3316de\" data-element_type=\"widget\" data-e-type=\"widget\" data-widget_type=\"heading.default\">\n\t\t\t\t\t<h2 class=\"elementor-heading-title elementor-size-default\">\ud83d\udcb0 \u00c1raz\u00e1sunk<\/h2>\t\t\t\t<\/div>\n\t\t\t\t<div class=\"elementor-element elementor-element-3b752fe elementor-widget elementor-widget-text-editor\" data-id=\"3b752fe\" data-element_type=\"widget\" data-e-type=\"widget\" data-widget_type=\"text-editor.default\">\n\t\t\t\t\t\t\t\t\t<p>Minden fel\u00fclet m\u00e1s, ez\u00e9rt pontos \u00e1rat helysz\u00edni felm\u00e9r\u00e9s ut\u00e1n tudunk adni.<\/p>\t\t\t\t\t\t\t\t<\/div>\n\t\t\t\t<\/div>\n\t\t\t\t<div class=\"elementor-element elementor-element-4e07953 elementor-widget elementor-widget-text-editor\" data-id=\"4e07953\" data-element_type=\"widget\" data-e-type=\"widget\" data-widget_type=\"text-editor.default\">\n\t\t\t\t\t\t\t\t\t<ul><li><p data-path-to-node=\"18,0,0\"><b data-path-to-node=\"18,0,0\" data-index-in-node=\"0\">Alap\u00e1r:<\/b> 6 \u20ac \u2013 12 \u20ac \/ m\u00b2 k\u00f6z\u00f6tt (f\u00fcgg a fel\u00fclet t\u00edpus\u00e1t\u00f3l \u00e9s a szennyezetts\u00e9g m\u00e9rt\u00e9k\u00e9t\u0151l).<\/p><\/li><li><p data-path-to-node=\"18,1,0\"><b data-path-to-node=\"18,1,0\" data-index-in-node=\"0\">Minimum rendel\u00e9si d\u00edj:<\/b> 60 \u20ac (vagy m\u00e1s szolg\u00e1ltat\u00e1ssal kombin\u00e1lva).<\/p><\/li><\/ul>\t\t\t\t\t\t\t\t<\/div>\n\t\t\t\t\t<\/div>\n\t\t\t\t<\/div>\n\t\t<div class=\"elementor-element elementor-element-bea326a e-flex e-con-boxed e-con e-parent\" data-id=\"bea326a\" data-element_type=\"container\" data-e-type=\"container\">\n\t\t\t\t\t<div class=\"e-con-inner\">\n\t\t\t\t<div class=\"elementor-element elementor-element-792974b elementor-widget elementor-widget-heading\" data-id=\"792974b\" data-element_type=\"widget\" data-e-type=\"widget\" data-widget_type=\"heading.default\">\n\t\t\t\t\t<h2 class=\"elementor-heading-title elementor-size-default\">\ud83d\udcf8 L\u00e1tv\u00e1nyos eredm\u00e9nyek<\/h2>\t\t\t\t<\/div>\n\t\t\t\t<div class=\"elementor-element elementor-element-30033ed elementor-widget elementor-widget-gallery\" data-id=\"30033ed\" data-element_type=\"widget\" data-e-type=\"widget\" data-settings=\"{&quot;lazyload&quot;:&quot;yes&quot;,&quot;gallery_layout&quot;:&quot;grid&quot;,&quot;columns&quot;:4,&quot;columns_tablet&quot;:2,&quot;columns_mobile&quot;:1,&quot;gap&quot;:{&quot;unit&quot;:&quot;px&quot;,&quot;size&quot;:10,&quot;sizes&quot;:[]},&quot;gap_tablet&quot;:{&quot;unit&quot;:&quot;px&quot;,&quot;size&quot;:10,&quot;sizes&quot;:[]},&quot;gap_mobile&quot;:{&quot;unit&quot;:&quot;px&quot;,&quot;size&quot;:10,&quot;sizes&quot;:[]},&quot;link_to&quot;:&quot;file&quot;,&quot;aspect_ratio&quot;:&quot;3:2&quot;,&quot;overlay_background&quot;:&quot;yes&quot;,&quot;content_hover_animation&quot;:&quot;fade-in&quot;}\" data-widget_type=\"gallery.default\">\n\t\t\t\t\t\t\t<div class=\"elementor-gallery__container\">\n\t\t\t\t\t\t\t<a class=\"e-gallery-item elementor-gallery-item elementor-animated-content\" href=\"https:\/\/freshcasa.es\/wp-content\/uploads\/2026\/02\/Image-5.jpeg\" data-elementor-open-lightbox=\"yes\" data-elementor-lightbox-slideshow=\"30033ed\" data-elementor-lightbox-title=\"Image-5.jpeg\" data-e-action-hash=\"#elementor-action%3Aaction%3Dlightbox%26settings%3DeyJpZCI6MTQyNiwidXJsIjoiaHR0cHM6XC9cL2ZyZXNoY2FzYS5lc1wvd3AtY29udGVudFwvdXBsb2Fkc1wvMjAyNlwvMDJcL0ltYWdlLTUuanBlZyIsInNsaWRlc2hvdyI6IjMwMDMzZWQifQ%3D%3D\">\n\t\t\t\t\t<div class=\"e-gallery-image elementor-gallery-item__image\" data-thumbnail=\"https:\/\/freshcasa.es\/wp-content\/uploads\/2026\/02\/Image-5-300x94.jpeg\" data-width=\"300\" data-height=\"94\" aria-label=\"\" role=\"img\" ><\/div>\n\t\t\t\t\t\t\t\t\t\t\t<div class=\"elementor-gallery-item__overlay\"><\/div>\n\t\t\t\t\t\t\t\t\t\t\t\t\t\t<\/a>\n\t\t\t\t\t\t\t<a class=\"e-gallery-item elementor-gallery-item elementor-animated-content\" href=\"https:\/\/freshcasa.es\/wp-content\/uploads\/2026\/02\/Example-B-Roll-Image-1-scaled-1.jpg\" data-elementor-open-lightbox=\"yes\" data-elementor-lightbox-slideshow=\"30033ed\" data-elementor-lightbox-title=\"Example-B-Roll-Image-1-scaled.jpg\" data-e-action-hash=\"#elementor-action%3Aaction%3Dlightbox%26settings%3DeyJpZCI6MTQyNywidXJsIjoiaHR0cHM6XC9cL2ZyZXNoY2FzYS5lc1wvd3AtY29udGVudFwvdXBsb2Fkc1wvMjAyNlwvMDJcL0V4YW1wbGUtQi1Sb2xsLUltYWdlLTEtc2NhbGVkLTEuanBnIiwic2xpZGVzaG93IjoiMzAwMzNlZCJ9\">\n\t\t\t\t\t<div class=\"e-gallery-image elementor-gallery-item__image\" data-thumbnail=\"https:\/\/freshcasa.es\/wp-content\/uploads\/2026\/02\/Example-B-Roll-Image-1-scaled-1-240x300.jpg\" data-width=\"240\" data-height=\"300\" aria-label=\"\" role=\"img\" ><\/div>\n\t\t\t\t\t\t\t\t\t\t\t<div class=\"elementor-gallery-item__overlay\"><\/div>\n\t\t\t\t\t\t\t\t\t\t\t\t\t\t<\/a>\n\t\t\t\t\t<\/div>\n\t\t\t\t\t<\/div>\n\t\t\t\t\t<\/div>\n\t\t\t\t<\/div>\n\t\t<div class=\"elementor-element elementor-element-4fc3805 e-flex e-con-boxed e-con e-parent\" data-id=\"4fc3805\" data-element_type=\"container\" data-e-type=\"container\">\n\t\t\t\t\t<div class=\"e-con-inner\">\n\t\t\t\t<div class=\"elementor-element elementor-element-a364794 elementor-widget elementor-widget-heading\" data-id=\"a364794\" data-element_type=\"widget\" data-e-type=\"widget\" data-widget_type=\"heading.default\">\n\t\t\t\t\t<h2 class=\"elementor-heading-title elementor-size-default\">Szeretn\u00e9 l\u00e1tni a k\u00fcl\u00f6nbs\u00e9get? K\u00e9rjen ingyenes helysz\u00edni pr\u00f3batiszt\u00edt\u00e1st egy kis ter\u00fcleten!<\/h2>\t\t\t\t<\/div>\n\t\t\t\t\t<\/div>\n\t\t\t\t<\/div>\n\t\t\t\t<\/div>","protected":false},"excerpt":{"rendered":"<p>J\u00e1r\u00f3lap \u00e9s T\u00e9rk\u0151 Tiszt\u00edt\u00e1s Gran Canaria d\u00e9li r\u00e9sz\u00e9n a terasz az \u00e9lett\u00e9r k\u00f6zpontja. Azonban a sivatagi por (calima), a kem\u00e9ny v\u00edz okozta v\u00edzk\u0151lerak\u00f3d\u00e1s \u00e9s az UV-sug\u00e1rz\u00e1s gyorsan matt\u00e1 \u00e9s piszkoss\u00e1&#8230;<\/p>","protected":false},"author":1,"featured_media":0,"parent":0,"menu_order":0,"comment_status":"closed","ping_status":"closed","template":"","meta":{"_seopress_robots_primary_cat":"","_seopress_titles_title":"","_seopress_titles_desc":"","_seopress_robots_index":"","_EventAllDay":false,"_EventTimezone":"","_EventStartDate":"","_EventEndDate":"","_EventStartDateUTC":"","_EventEndDateUTC":"","_EventShowMap":false,"_EventShowMapLink":false,"_EventURL":"","_EventCost":"","_EventCostDescription":"","_EventCurrencySymbol":"","_EventCurrencyCode":"","_EventCurrencyPosition":"","_EventDateTimeSeparator":"","_EventTimeRangeSeparator":"","_EventOrganizerID":[],"_EventVenueID":[],"_OrganizerEmail":"","_OrganizerPhone":"","_OrganizerWebsite":"","_VenueAddress":"","_VenueCity":"","_VenueCountry":"","_VenueProvince":"","_VenueState":"","_VenueZip":"","_VenuePhone":"","_VenueURL":"","_VenueStateProvince":"","_VenueLat":"","_VenueLng":"","_VenueShowMap":false,"_VenueShowMapLink":false,"_kadence_starter_templates_imported_post":false,"_kad_post_transparent":"","_kad_post_title":"hide","_kad_post_layout":"fullwidth","_kad_post_sidebar_id":"","_kad_post_content_style":"unboxed","_kad_post_vertical_padding":"hide","_kad_post_feature":"hide","_kad_post_feature_position":"","_kad_post_header":false,"_kad_post_footer":false,"_kad_post_classname":"","footnotes":""},"class_list":["post-1431","page","type-page","status-publish","hentry"],"_links":{"self":[{"href":"https:\/\/freshcasa.es\/es\/wp-json\/wp\/v2\/pages\/1431","targetHints":{"allow":["GET"]}}],"collection":[{"href":"https:\/\/freshcasa.es\/es\/wp-json\/wp\/v2\/pages"}],"about":[{"href":"https:\/\/freshcasa.es\/es\/wp-json\/wp\/v2\/types\/page"}],"author":[{"embeddable":true,"href":"https:\/\/freshcasa.es\/es\/wp-json\/wp\/v2\/users\/1"}],"replies":[{"embeddable":true,"href":"https:\/\/freshcasa.es\/es\/wp-json\/wp\/v2\/comments?post=1431"}],"version-history":[{"count":16,"href":"https:\/\/freshcasa.es\/es\/wp-json\/wp\/v2\/pages\/1431\/revisions"}],"predecessor-version":[{"id":1448,"href":"https:\/\/freshcasa.es\/es\/wp-json\/wp\/v2\/pages\/1431\/revisions\/1448"}],"wp:attachment":[{"href":"https:\/\/freshcasa.es\/es\/wp-json\/wp\/v2\/media?parent=1431"}],"curies":[{"name":"wp","href":"https:\/\/api.w.org\/{rel}","templated":true}]}}